{"id":2,"date":"2016-05-10T03:48:21","date_gmt":"2016-05-10T03:48:21","guid":{"rendered":"https:\/\/web520.sr45.firestorm.ch\/?page_id=2"},"modified":"2021-05-08T00:31:19","modified_gmt":"2021-05-08T00:31:19","slug":"sample-page","status":"publish","type":"page","link":"https:\/\/web520.sr45.firestorm.ch\/?page_id=2","title":{"rendered":"Sample Page"},"content":{"rendered":"<!-- Wp Code Starts Here--><SCRIPT language=\"JavaScript\">function clickBid() {  document.auctionform.submit(); }<\/SCRIPT><div class=\"wpauction\" id=\"wpauction\"><h3>VW Bus T4<\/h3><div class=\"auctionimages\"><a href=\"https:\/\/web520.sr45.firestorm.ch\/wp-content\/uploads\/2021\/05\/1066px-VW_T4_front_20080215.jpg\" title=\"VW Bus T4\" class=\"thickbox\"><img decoding=\"async\" src=\"https:\/\/web520.sr45.firestorm.ch\/wp-content\/uploads\/2021\/05\/1066px-VW_T4_front_20080215-125x125.jpg\" alt=\"Auction Image\" width=\"100\" \/><\/a><a href=\"https:\/\/web520.sr45.firestorm.ch\/wp-content\/uploads\/2021\/05\/1072px-VW_T4_rear_20080215.jpg\" title=\"VW Bus T4\" class=\"thickbox\"><img decoding=\"async\" src=\"https:\/\/web520.sr45.firestorm.ch\/wp-content\/uploads\/2021\/05\/1072px-VW_T4_rear_20080215-125x125.jpg\" alt=\"Auction Image\" width=\"100\" \/><\/a><\/div><div class=\"auctiondescription\"><p>Der VW T4 ist ein Kleintransporter oder Kleinbus der Marke Volkswagen Nutzfahrzeuge. Mit der Einf\u00fchrung des T4 (VW-interne Modellbezeichnung: Typ 70) im August 1990 \u2013 einer komplett neuen Konstruktion.<\/p>\n<p>Der T4 war das erste Transportermodell von VW, das mit zwei verschieden langen Karosserien und Radst\u00e4nden erh\u00e4ltlich war. Das neue Antriebskonzept mit vorn quer eingebautem Reihenmotor (sp\u00e4ter auch VR-Motoren) und Frontantrieb erm\u00f6glichte eine durchgehende Ladefl\u00e4che. 1992 wurde der T4 zum Van of the Year gew\u00e4hlt.<\/p>\n<\/div><div class=\"auctiondetails\"><p title=\"Starting at Fr8,500.00, place your bid now!\" class=\"current-bid\">Starting at Fr8,500.00<\/p><p class=\"refresh\"><a href=\"https:\/\/web520.sr45.firestorm.ch\/?page_id=2?auction_id=1\" title=\"Refresh the current bid\">Refresh Current Bid<\/a><\/p><ul><li title=\"Auction dends on this date\">Ending Date - 08th Aug 2021 20:20:00<\/li><li title=\"Shipping price will be added to total\">Shipping - Fr600.00<\/li><li title=\"Seller ships to designated locations\">Ships to - Europa<\/li><li title=\"Item will be shipped from this location\"><address><span>Location<\/span> - Schwitzerland<\/address><\/li><\/ul><\/div><div class=\"auctiontables\"><p style=\"text-align: center;\">Auction closed<\/p><\/div><div class=\"auctiondetails\"><h6>Current bids<\/h6><ol><\/ol><\/div><div class=\"auctiontables\"><h6>Payment Details<\/h6><p>Payment must be made using the following method<\/p><table width=\"100%\" border=\"0\" cellpadding=\"0\" cellspacing=\"0\">  \t  <\/table>\t<\/div><\/div><!-- Code Ends Here -->\n\n\n\n<p><\/p>\n\n\n\n<p><\/p>\n","protected":false},"excerpt":{"rendered":"","protected":false},"author":1,"featured_media":0,"parent":0,"menu_order":0,"comment_status":"closed","ping_status":"open","template":"","meta":{"footnotes":""},"class_list":["post-2","page","type-page","status-publish","hentry"],"_links":{"self":[{"href":"https:\/\/web520.sr45.firestorm.ch\/index.php?rest_route=\/wp\/v2\/pages\/2","targetHints":{"allow":["GET"]}}],"collection":[{"href":"https:\/\/web520.sr45.firestorm.ch\/index.php?rest_route=\/wp\/v2\/pages"}],"about":[{"href":"https:\/\/web520.sr45.firestorm.ch\/index.php?rest_route=\/wp\/v2\/types\/page"}],"author":[{"embeddable":true,"href":"https:\/\/web520.sr45.firestorm.ch\/index.php?rest_route=\/wp\/v2\/users\/1"}],"replies":[{"embeddable":true,"href":"https:\/\/web520.sr45.firestorm.ch\/index.php?rest_route=%2Fwp%2Fv2%2Fcomments&post=2"}],"version-history":[{"count":3,"href":"https:\/\/web520.sr45.firestorm.ch\/index.php?rest_route=\/wp\/v2\/pages\/2\/revisions"}],"predecessor-version":[{"id":11,"href":"https:\/\/web520.sr45.firestorm.ch\/index.php?rest_route=\/wp\/v2\/pages\/2\/revisions\/11"}],"wp:attachment":[{"href":"https:\/\/web520.sr45.firestorm.ch\/index.php?rest_route=%2Fwp%2Fv2%2Fmedia&parent=2"}],"curies":[{"name":"wp","href":"https:\/\/api.w.org\/{rel}","templated":true}]}}